{"id":6837,"date":"2026-01-07T14:04:30","date_gmt":"2026-01-07T14:04:30","guid":{"rendered":"https:\/\/www.maritimeregulator.ie\/competitive-mac-framework\/"},"modified":"2026-02-23T14:54:04","modified_gmt":"2026-02-23T14:54:04","slug":"creat-iomaioch-thoiliu-limisteir-mhuiri","status":"publish","type":"page","link":"https:\/\/www.maritimeregulator.ie\/ga\/creat-iomaioch-thoiliu-limisteir-mhuiri\/","title":{"rendered":"Creat Ioma\u00edoch Thoili\u00fa Limist\u00e9ir Mhuir\u00ed"},"content":{"rendered":"","protected":false},"excerpt":{"rendered":"","protected":false},"author":3,"featured_media":0,"parent":0,"menu_order":0,"comment_status":"closed","ping_status":"closed","template":"","meta":{"_acf_changed":false,"footnotes":""},"class_list":["post-6837","page","type-page","status-publish","hentry"],"acf":[],"yoast_head":"<!-- This site is optimized with the Yoast SEO plugin v27.2 - https:\/\/yoast.com\/product\/yoast-seo-wordpress\/ -->\n<title>Creat Ioma\u00edoch Thoili\u00fa Limist\u00e9ir Mhuir\u00ed - MARA - Maritime Area Regulatory Authority<\/title>\n<meta name=\"robots\" content=\"index, follow, max-snippet:-1, max-image-preview:large, max-video-preview:-1\" \/>\n<link rel=\"canonical\" href=\"https:\/\/www.maritimeregulator.ie\/ga\/creat-iomaioch-thoiliu-limisteir-mhuiri\/\" \/>\n<meta property=\"og:locale\" content=\"en_US\" \/>\n<meta property=\"og:type\" content=\"article\" \/>\n<meta property=\"og:title\" content=\"Creat Ioma\u00edoch Thoili\u00fa Limist\u00e9ir Mhuir\u00ed - MARA - Maritime Area Regulatory Authority\" \/>\n<meta property=\"og:url\" content=\"https:\/\/www.maritimeregulator.ie\/ga\/creat-iomaioch-thoiliu-limisteir-mhuiri\/\" \/>\n<meta property=\"og:site_name\" content=\"MARA - Maritime Area Regulatory Authority\" \/>\n<meta property=\"article:modified_time\" content=\"2026-02-23T14:54:04+00:00\" \/>\n<meta property=\"og:image\" content=\"https:\/\/www.maritimeregulator.ie\/wp-content\/uploads\/2025\/12\/mara-screenshot.jpg\" \/>\n\t<meta property=\"og:image:width\" content=\"1200\" \/>\n\t<meta property=\"og:image:height\" content=\"675\" \/>\n\t<meta property=\"og:image:type\" content=\"image\/jpeg\" \/>\n<meta name=\"twitter:card\" content=\"summary_large_image\" \/>\n<script type=\"application\/ld+json\" class=\"yoast-schema-graph\">{\"@context\":\"https:\/\/schema.org\",\"@graph\":[{\"@type\":\"WebPage\",\"@id\":\"https:\/\/www.maritimeregulator.ie\/ga\/creat-iomaioch-thoiliu-limisteir-mhuiri\/\",\"url\":\"https:\/\/www.maritimeregulator.ie\/ga\/creat-iomaioch-thoiliu-limisteir-mhuiri\/\",\"name\":\"Creat Ioma\u00edoch Thoili\u00fa Limist\u00e9ir Mhuir\u00ed - MARA - Maritime Area Regulatory Authority\",\"isPartOf\":{\"@id\":\"https:\/\/www.maritimeregulator.ie\/#website\"},\"datePublished\":\"2026-01-07T14:04:30+00:00\",\"dateModified\":\"2026-02-23T14:54:04+00:00\",\"breadcrumb\":{\"@id\":\"https:\/\/www.maritimeregulator.ie\/ga\/creat-iomaioch-thoiliu-limisteir-mhuiri\/#breadcrumb\"},\"inLanguage\":\"ga\",\"potentialAction\":[{\"@type\":\"ReadAction\",\"target\":[\"https:\/\/www.maritimeregulator.ie\/ga\/creat-iomaioch-thoiliu-limisteir-mhuiri\/\"]}]},{\"@type\":\"BreadcrumbList\",\"@id\":\"https:\/\/www.maritimeregulator.ie\/ga\/creat-iomaioch-thoiliu-limisteir-mhuiri\/#breadcrumb\",\"itemListElement\":[{\"@type\":\"ListItem\",\"position\":1,\"name\":\"Home\",\"item\":\"https:\/\/www.maritimeregulator.ie\/ga\/home\/\"},{\"@type\":\"ListItem\",\"position\":2,\"name\":\"Creat Ioma\u00edoch Thoili\u00fa Limist\u00e9ir Mhuir\u00ed\"}]},{\"@type\":\"WebSite\",\"@id\":\"https:\/\/www.maritimeregulator.ie\/#website\",\"url\":\"https:\/\/www.maritimeregulator.ie\/\",\"name\":\"MARA - Maritime Area Regulatory Authority\",\"description\":\"Ireland\u2019s Maritime Area\",\"publisher\":{\"@id\":\"https:\/\/www.maritimeregulator.ie\/#organization\"},\"alternateName\":\"MARA\",\"potentialAction\":[{\"@type\":\"SearchAction\",\"target\":{\"@type\":\"EntryPoint\",\"urlTemplate\":\"https:\/\/www.maritimeregulator.ie\/?s={search_term_string}\"},\"query-input\":{\"@type\":\"PropertyValueSpecification\",\"valueRequired\":true,\"valueName\":\"search_term_string\"}}],\"inLanguage\":\"ga\"},{\"@type\":\"Organization\",\"@id\":\"https:\/\/www.maritimeregulator.ie\/#organization\",\"name\":\"MARA - Maritime Area Regulatory Authority\",\"alternateName\":\"MARA\",\"url\":\"https:\/\/www.maritimeregulator.ie\/\",\"logo\":{\"@type\":\"ImageObject\",\"inLanguage\":\"ga\",\"@id\":\"https:\/\/www.maritimeregulator.ie\/#\/schema\/logo\/image\/\",\"url\":\"https:\/\/www.maritimeregulator.ie\/wp-content\/uploads\/2025\/12\/mara-logo.png\",\"contentUrl\":\"https:\/\/www.maritimeregulator.ie\/wp-content\/uploads\/2025\/12\/mara-logo.png\",\"width\":185,\"height\":80,\"caption\":\"MARA - Maritime Area Regulatory Authority\"},\"image\":{\"@id\":\"https:\/\/www.maritimeregulator.ie\/#\/schema\/logo\/image\/\"}}]}<\/script>\n<!-- \/ Yoast SEO plugin. -->","yoast_head_json":{"title":"Creat Ioma\u00edoch Thoili\u00fa Limist\u00e9ir Mhuir\u00ed - MARA - Maritime Area Regulatory Authority","robots":{"index":"index","follow":"follow","max-snippet":"max-snippet:-1","max-image-preview":"max-image-preview:large","max-video-preview":"max-video-preview:-1"},"canonical":"https:\/\/www.maritimeregulator.ie\/ga\/creat-iomaioch-thoiliu-limisteir-mhuiri\/","og_locale":"en_US","og_type":"article","og_title":"Creat Ioma\u00edoch Thoili\u00fa Limist\u00e9ir Mhuir\u00ed - MARA - Maritime Area Regulatory Authority","og_url":"https:\/\/www.maritimeregulator.ie\/ga\/creat-iomaioch-thoiliu-limisteir-mhuiri\/","og_site_name":"MARA - Maritime Area Regulatory Authority","article_modified_time":"2026-02-23T14:54:04+00:00","og_image":[{"width":1200,"height":675,"url":"https:\/\/www.maritimeregulator.ie\/wp-content\/uploads\/2025\/12\/mara-screenshot.jpg","type":"image\/jpeg"}],"twitter_card":"summary_large_image","schema":{"@context":"https:\/\/schema.org","@graph":[{"@type":"WebPage","@id":"https:\/\/www.maritimeregulator.ie\/ga\/creat-iomaioch-thoiliu-limisteir-mhuiri\/","url":"https:\/\/www.maritimeregulator.ie\/ga\/creat-iomaioch-thoiliu-limisteir-mhuiri\/","name":"Creat Ioma\u00edoch Thoili\u00fa Limist\u00e9ir Mhuir\u00ed - MARA - Maritime Area Regulatory Authority","isPartOf":{"@id":"https:\/\/www.maritimeregulator.ie\/#website"},"datePublished":"2026-01-07T14:04:30+00:00","dateModified":"2026-02-23T14:54:04+00:00","breadcrumb":{"@id":"https:\/\/www.maritimeregulator.ie\/ga\/creat-iomaioch-thoiliu-limisteir-mhuiri\/#breadcrumb"},"inLanguage":"ga","potentialAction":[{"@type":"ReadAction","target":["https:\/\/www.maritimeregulator.ie\/ga\/creat-iomaioch-thoiliu-limisteir-mhuiri\/"]}]},{"@type":"BreadcrumbList","@id":"https:\/\/www.maritimeregulator.ie\/ga\/creat-iomaioch-thoiliu-limisteir-mhuiri\/#breadcrumb","itemListElement":[{"@type":"ListItem","position":1,"name":"Home","item":"https:\/\/www.maritimeregulator.ie\/ga\/home\/"},{"@type":"ListItem","position":2,"name":"Creat Ioma\u00edoch Thoili\u00fa Limist\u00e9ir Mhuir\u00ed"}]},{"@type":"WebSite","@id":"https:\/\/www.maritimeregulator.ie\/#website","url":"https:\/\/www.maritimeregulator.ie\/","name":"MARA - Maritime Area Regulatory Authority","description":"Ireland\u2019s Maritime Area","publisher":{"@id":"https:\/\/www.maritimeregulator.ie\/#organization"},"alternateName":"MARA","potentialAction":[{"@type":"SearchAction","target":{"@type":"EntryPoint","urlTemplate":"https:\/\/www.maritimeregulator.ie\/?s={search_term_string}"},"query-input":{"@type":"PropertyValueSpecification","valueRequired":true,"valueName":"search_term_string"}}],"inLanguage":"ga"},{"@type":"Organization","@id":"https:\/\/www.maritimeregulator.ie\/#organization","name":"MARA - Maritime Area Regulatory Authority","alternateName":"MARA","url":"https:\/\/www.maritimeregulator.ie\/","logo":{"@type":"ImageObject","inLanguage":"ga","@id":"https:\/\/www.maritimeregulator.ie\/#\/schema\/logo\/image\/","url":"https:\/\/www.maritimeregulator.ie\/wp-content\/uploads\/2025\/12\/mara-logo.png","contentUrl":"https:\/\/www.maritimeregulator.ie\/wp-content\/uploads\/2025\/12\/mara-logo.png","width":185,"height":80,"caption":"MARA - Maritime Area Regulatory Authority"},"image":{"@id":"https:\/\/www.maritimeregulator.ie\/#\/schema\/logo\/image\/"}}]}},"_links":{"self":[{"href":"https:\/\/www.maritimeregulator.ie\/ga\/wp-json\/wp\/v2\/pages\/6837","targetHints":{"allow":["GET"]}}],"collection":[{"href":"https:\/\/www.maritimeregulator.ie\/ga\/wp-json\/wp\/v2\/pages"}],"about":[{"href":"https:\/\/www.maritimeregulator.ie\/ga\/wp-json\/wp\/v2\/types\/page"}],"author":[{"embeddable":true,"href":"https:\/\/www.maritimeregulator.ie\/ga\/wp-json\/wp\/v2\/users\/3"}],"replies":[{"embeddable":true,"href":"https:\/\/www.maritimeregulator.ie\/ga\/wp-json\/wp\/v2\/comments?post=6837"}],"version-history":[{"count":1,"href":"https:\/\/www.maritimeregulator.ie\/ga\/wp-json\/wp\/v2\/pages\/6837\/revisions"}],"predecessor-version":[{"id":6838,"href":"https:\/\/www.maritimeregulator.ie\/ga\/wp-json\/wp\/v2\/pages\/6837\/revisions\/6838"}],"wp:attachment":[{"href":"https:\/\/www.maritimeregulator.ie\/ga\/wp-json\/wp\/v2\/media?parent=6837"}],"curies":[{"name":"wp","href":"https:\/\/api.w.org\/{rel}","templated":true}]}}